{"id":116,"date":"2025-04-22T19:19:32","date_gmt":"2025-04-22T17:19:32","guid":{"rendered":"https:\/\/steorrah.com\/?page_id=116"},"modified":"2025-04-22T19:19:32","modified_gmt":"2025-04-22T17:19:32","slug":"impressum","status":"publish","type":"page","link":"https:\/\/steorrah.com\/index.php\/impressum\/","title":{"rendered":"Impressum"},"content":{"rendered":"\n<p class=\"wp-block-paragraph\"><br>Steorrah GbR<br>Wolfstr.19<br>c\/o Andreas M\u00e4rz<br>53111 Bonn<br><\/p>\n\n\n\n<p class=\"wp-block-paragraph\">Vertreten durch:<br>Andreas M\u00e4rz, Nicco Schmitz<br><\/p>\n\n\n\n<p class=\"wp-block-paragraph\">Kontakt<br>Telefon: +491706159870<br>E-Mail: webmaster@steorrah.com<br><\/p>\n\n\n\n<p class=\"wp-block-paragraph\">EU-Streitschlichtung<br>Die Europ\u00e4ische Kommission stellt eine Plattform zur Online-Streitbeilegung (OS) bereit:<br>https:\/\/ec.europa.eu\/consumers\/odr\/.<br><\/p>\n\n\n\n<p class=\"wp-block-paragraph\">Unsere E-Mail-Adresse finden Sie oben im Impressum.<br>Verbraucherstreitbeilegung\/Universalschlichtungsstelle<br>Wir sind nicht bereit oder verpflichtet, an Streitbeilegungsverfahren vor einer<br>Verbraucherschlichtungsstelle teilzunehmen.<br><\/p>\n\n\n\n<p class=\"wp-block-paragraph\">Quelle:<br>e-recht24.de<\/p>\n","protected":false},"excerpt":{"rendered":"<p>Steorrah GbRWolfstr.19c\/o Andreas M\u00e4rz53111 Bonn Vertreten durch:Andreas M\u00e4rz, Nicco Schmitz KontaktTelefon: +491706159870E-Mail: webmaster@steorrah.com EU-StreitschlichtungDie Europ\u00e4ische Kommission stellt eine Plattform zur Online-Streitbeilegung (OS) bereit:https:\/\/ec.europa.eu\/consumers\/odr\/. Unsere E-Mail-Adresse finden Sie oben im Impressum.Verbraucherstreitbeilegung\/UniversalschlichtungsstelleWir [&hellip;]<\/p>\n","protected":false},"author":1,"featured_media":0,"parent":0,"menu_order":0,"comment_status":"closed","ping_status":"closed","template":"","meta":{"_crdt_document":"","_uag_custom_page_level_css":"","site-sidebar-layout":"default","site-content-layout":"","ast-site-content-layout":"","site-content-style":"default","site-sidebar-style":"default","ast-global-header-display":"","ast-banner-title-visibility":"","ast-main-header-display":"","ast-hfb-above-header-display":"","ast-hfb-below-header-display":"","ast-hfb-mobile-header-display":"","site-post-title":"","ast-breadcrumbs-content":"","ast-featured-img":"","footer-sml-layout":"","theme-transparent-header-meta":"","adv-header-id-meta":"","stick-header-meta":"","header-above-stick-meta":"","header-main-stick-meta":"","header-below-stick-meta":"","astra-migrate-meta-layouts":"default","ast-page-background-enabled":"default","ast-page-background-meta":{"desktop":{"background-color":"var(--ast-global-color-5)","background-image":"","background-repeat":"repeat","background-position":"center center","background-size":"auto","background-attachment":"scroll","background-type":"","background-media":"","overlay-type":"","overlay-color":"","overlay-opacity":"","overlay-gradient":""},"tablet":{"background-color":"","background-image":"","background-repeat":"repeat","background-position":"center center","background-size":"auto","background-attachment":"scroll","background-type":"","background-media":"","overlay-type":"","overlay-color":"","overlay-opacity":"","overlay-gradient":""},"mobile":{"background-color":"","background-image":"","background-repeat":"repeat","background-position":"center center","background-size":"auto","background-attachment":"scroll","background-type":"","background-media":"","overlay-type":"","overlay-color":"","overlay-opacity":"","overlay-gradient":""}},"ast-content-background-meta":{"desktop":{"background-color":"var(--ast-global-color-4)","background-image":"","background-repeat":"repeat","background-position":"center center","background-size":"auto","background-attachment":"scroll","background-type":"","background-media":"","overlay-type":"","overlay-color":"","overlay-opacity":"","overlay-gradient":""},"tablet":{"background-color":"var(--ast-global-color-4)","background-image":"","background-repeat":"repeat","background-position":"center center","background-size":"auto","background-attachment":"scroll","background-type":"","background-media":"","overlay-type":"","overlay-color":"","overlay-opacity":"","overlay-gradient":""},"mobile":{"background-color":"var(--ast-global-color-4)","background-image":"","background-repeat":"repeat","background-position":"center center","background-size":"auto","background-attachment":"scroll","background-type":"","background-media":"","overlay-type":"","overlay-color":"","overlay-opacity":"","overlay-gradient":""}},"footnotes":""},"class_list":["post-116","page","type-page","status-publish","hentry"],"uagb_featured_image_src":{"full":false,"thumbnail":false,"medium":false,"medium_large":false,"large":false,"1536x1536":false,"2048x2048":false},"uagb_author_info":{"display_name":"Whitsun","author_link":"https:\/\/steorrah.com\/index.php\/author\/whitsun\/"},"uagb_comment_info":0,"uagb_excerpt":"Steorrah GbRWolfstr.19c\/o Andreas M\u00e4rz53111 Bonn Vertreten durch:Andreas M\u00e4rz, Nicco Schmitz KontaktTelefon: +491706159870E-Mail: webmaster@steorrah.com EU-StreitschlichtungDie Europ\u00e4ische Kommission stellt eine Plattform zur Online-Streitbeilegung (OS) bereit:https:\/\/ec.europa.eu\/consumers\/odr\/. Unsere E-Mail-Adresse finden Sie oben im Impressum.Verbraucherstreitbeilegung\/UniversalschlichtungsstelleWir [&hellip;]","_links":{"self":[{"href":"https:\/\/steorrah.com\/index.php\/wp-json\/wp\/v2\/pages\/116","targetHints":{"allow":["GET"]}}],"collection":[{"href":"https:\/\/steorrah.com\/index.php\/wp-json\/wp\/v2\/pages"}],"about":[{"href":"https:\/\/steorrah.com\/index.php\/wp-json\/wp\/v2\/types\/page"}],"author":[{"embeddable":true,"href":"https:\/\/steorrah.com\/index.php\/wp-json\/wp\/v2\/users\/1"}],"replies":[{"embeddable":true,"href":"https:\/\/steorrah.com\/index.php\/wp-json\/wp\/v2\/comments?post=116"}],"version-history":[{"count":1,"href":"https:\/\/steorrah.com\/index.php\/wp-json\/wp\/v2\/pages\/116\/revisions"}],"predecessor-version":[{"id":117,"href":"https:\/\/steorrah.com\/index.php\/wp-json\/wp\/v2\/pages\/116\/revisions\/117"}],"wp:attachment":[{"href":"https:\/\/steorrah.com\/index.php\/wp-json\/wp\/v2\/media?parent=116"}],"curies":[{"name":"wp","href":"https:\/\/api.w.org\/{rel}","templated":true}]}}